{"id":717,"date":"2020-09-11T14:38:56","date_gmt":"2020-09-11T12:38:56","guid":{"rendered":"https:\/\/bt-website.it.bonetag.eu\/?page_id=717"},"modified":"2021-03-23T16:54:12","modified_gmt":"2021-03-23T15:54:12","slug":"mentions-legales","status":"publish","type":"page","link":"https:\/\/bonetag.eu\/en\/mentions-legales\/","title":{"rendered":"Legal Notices"},"content":{"rendered":"<div data-elementor-type=\"wp-page\" data-elementor-id=\"717\" class=\"elementor elementor-717\">\n\t\t\t\t\t\t<div class=\"elementor-inner\">\n\t\t\t\t<div class=\"elementor-section-wrap\">\n\t\t\t\t\t\t\t\t\t<section class=\"elementor-section elementor-top-section elementor-element elementor-element-e625e5e elementor-section-stretched elementor-section-boxed elementor-section-height-default elementor-section-height-default\" data-id=\"e625e5e\" data-element_type=\"section\" data-settings=\"{&quot;stretch_section&quot;:&quot;section-stretched&quot;}\">\n\t\t\t\t\t\t<div class=\"elementor-container elementor-column-gap-default\">\n\t\t\t\t\t\t\t<div class=\"elementor-row\">\n\t\t\t\t\t<div class=\"elementor-column elementor-col-100 elementor-top-column elementor-element elementor-element-51abfaa\" data-id=\"51abfaa\" data-element_type=\"column\">\n\t\t\t<div class=\"elementor-column-wrap elementor-element-populated\">\n\t\t\t\t\t\t\t<div class=\"elementor-widget-wrap\">\n\t\t\t\t\t\t<div class=\"elementor-element elementor-element-bce50bc elementor-widget-divider--view-line_text elementor-widget-divider--element-align-center elementor-widget elementor-widget-divider\" data-id=\"bce50bc\" data-element_type=\"widget\" data-widget_type=\"divider.default\">\n\t\t\t\t<div class=\"elementor-widget-container\">\n\t\t\t\t\t<div class=\"elementor-divider\">\n\t\t\t<span class=\"elementor-divider-separator\">\n\t\t\t\t\t\t\t<span class=\"elementor-divider__text elementor-divider__element\">\n\t\t\t\tLegal Notices\t\t\t\t<\/span>\n\t\t\t\t\t\t<\/span>\n\t\t<\/div>\n\t\t\t\t<\/div>\n\t\t\t\t<\/div>\n\t\t\t\t<div class=\"elementor-element elementor-element-be4038d elementor-widget elementor-widget-text-editor\" data-id=\"be4038d\" data-element_type=\"widget\" data-widget_type=\"text-editor.default\">\n\t\t\t\t<div class=\"elementor-widget-container\">\n\t\t\t\t\t\t\t\t<div class=\"elementor-text-editor elementor-clearfix\">\n\t\t\t\t<h3><span style=\"color: #000000;\">Owner<\/span><\/h3><p><span style=\"color: #000000;\">The website bonetag.eu is the exclusive property of the BoneTag company.<\/span><\/p><hr \/><p><span style=\"color: #000000;\"><span style=\"text-decoration: underline;\">Head office<\/span> : 12 Ter Rue Denis Diderot, 66000 PERPIGNAN, FRANCE<\/span><\/p><p><span style=\"color: #000000;\"><span style=\"text-decoration: underline;\">Legal status<\/span> : joint-stock company<\/span><\/p><p><span style=\"color: #000000;\"><span style=\"text-decoration: underline;\">SIRET<\/span> : 80094727700011<\/span><\/p><p><span style=\"color: #000000;\"><span style=\"text-decoration: underline;\">Share capital<\/span> : 79 200 \u20ac<\/span><\/p><p><span style=\"color: #000000;\"><span style=\"text-decoration: underline;\">Contact Us<\/span> : contact@bonetag.fr \u2013 +33 09 72 61 70 60<\/span><\/p><p><span style=\"color: #000000;\"><span style=\"text-decoration: underline;\">Publication manager<\/span>: St\u00e9phane NAUDI<\/span><\/p><h3><span style=\"color: #000000;\"><strong>Hosting<\/strong><\/span><\/h3><p><span style=\"color: #000000;\">The website bonetag.eu is hosted in the datacenters of the IONOS company, limited liability company located at 7 Place de la gare, 57200 SARREGUEMINES, FRANCE (T\u00e9l: +33 09 70 80 89 11).<\/span><\/p><h3><span style=\"color: #000000;\"><strong>Notices regarding to the use of cookies<\/strong><\/span><\/h3><p><span style=\"color: #000000;\">The website navigation may result in the installation or use of cookies on your computer. A cookie is a small computer file allowing to analyse the behaviour of the users when they visit the website. The use of cookies makes the navigation of the website easier for the users.\u00a0<\/span><\/p><p><span style=\"color: #000000;\">In compliance with the regulations on the use of cookies, the user's consent is required when installing or using the cookies. Where appropriate, the user can choose to refuse the use of these cookies, which can make the access to certain services impossible.\u00a0<\/span><\/p><h3><span style=\"color: #000000;\"><strong>Notices regarding the use of personal data<\/strong><\/span><\/h3><p><span style=\"color: #000000;\">In case where the user fills in a form, personal data may be recorded by the BoneTag company.<\/span><\/p><p><span style=\"color: #000000;\">These personal data are protected by the European Regulation (<strong>Regulation (EU) 2016\/679 on the protection of natural persons with regard to the processing of personal data and on the free movement of such data, also called RGPD<\/strong>) and by the French Regulation (<strong>Law n\u00b0 78-17 of the 6th January 1978 relating to data processing, files and freedoms<\/strong>).<\/span><\/p><p><span style=\"color: #000000;\">Personal data are recorded solely in order to answer to the user who has filled in the form. The recorded personal data are its name and email adress. The user provides this information, with full knowledge of the facts, by entering it her\/himself. This information must be filled in by the user, without which the BoneTag company will not be able to perform the processing required for the contact management. Mandatory information is marked by an asterisk (*).<\/span><\/p><p><span style=\"color: #000000;\">Personal data collected on the website are processed by BoneTag staff members only (permanent members).<\/span><\/p><p><span style=\"color: #000000;\">In compliance with the current european and french regulations, the user has the possibility to exercise her\/his right of access, rectification or erasure of her\/his information, her\/his right of objection or restriction of processing, and her\/his right of data portability. The user can also ask to withdraw her\/his consent for the personal data she\/he has provided. The BoneTag company commits to answer as soon as possible and at the latest within 1 month after receiving the request.<\/span><\/p><p><span style=\"color: #000000;\">The BoneTag company commits to take all necessary precautions and implements appropriate technical and organizational measures to ensure a suitable security level and to protect users' personal data against corruption, destruction and unauthorized access. The BoneTag company guarantees the confidentiality of the processed personal data. No user's personal information is published, exchanged, transfered or sold on any medium to third parties, without the user's consent.<br \/><\/span><\/p><p><span style=\"color: #000000;\">Contact point for personal data issues : St\u00e9phane Naudi (dpo@bonetag.fr). The user has the possibility to make claims to the National Commission for Informatics and Freedoms (CNIL, in French: Commission Nationale de l'Informatique et des Libert\u00e9s).<\/span><\/p><h3><span style=\"color: #000000;\"><strong>Intellectual property and counterfeit<\/strong><\/span><\/h3><p><span style=\"color: #000000;\">The BoneTag company is the owner of all intellectual property rights, or owns the rights of use of all elements accessible on the website, in particular the texts, pictures, videos, graphics, logos, icons, sounds and software.<\/span><\/p><p><span style=\"color: #000000;\">Any reproduction, representation, modification, publication, distribution or adaptation of all or part of the website elements, whatever the mean or process used, is forbidden without a written authorisation of the BoneTag company.<\/span><\/p><p><span style=\"color: #000000;\">Any unauthorised use of the website, or of any of the elements it contains, will be considered as a counterfeit and will be sued in accordance with the provisions of articles L.335-2 et seq. of the French Intellectual Property Code.<\/span><\/p>\t\t\t\t\t<\/div>\n\t\t\t\t\t\t<\/div>\n\t\t\t\t<\/div>\n\t\t\t\t\t\t<\/div>\n\t\t\t\t\t<\/div>\n\t\t<\/div>\n\t\t\t\t\t\t\t\t<\/div>\n\t\t\t\t\t<\/div>\n\t\t<\/section>\n\t\t\t\t\t\t\t\t\t<\/div>\n\t\t\t<\/div>\n\t\t\t\t\t<\/div>","protected":false},"excerpt":{"rendered":"<p>Mentions l\u00e9gales Prori\u00e9taire Le site internet bonetag.eu est la propri\u00e9t\u00e9 exclusive de [&hellip;]<\/p>","protected":false},"author":2,"featured_media":0,"parent":0,"menu_order":0,"comment_status":"closed","ping_status":"closed","template":"","meta":{"_mi_skip_tracking":false},"_links":{"self":[{"href":"https:\/\/bonetag.eu\/en\/wp-json\/wp\/v2\/pages\/717"}],"collection":[{"href":"https:\/\/bonetag.eu\/en\/wp-json\/wp\/v2\/pages"}],"about":[{"href":"https:\/\/bonetag.eu\/en\/wp-json\/wp\/v2\/types\/page"}],"author":[{"embeddable":true,"href":"https:\/\/bonetag.eu\/en\/wp-json\/wp\/v2\/users\/2"}],"replies":[{"embeddable":true,"href":"https:\/\/bonetag.eu\/en\/wp-json\/wp\/v2\/comments?post=717"}],"version-history":[{"count":21,"href":"https:\/\/bonetag.eu\/en\/wp-json\/wp\/v2\/pages\/717\/revisions"}],"predecessor-version":[{"id":1303,"href":"https:\/\/bonetag.eu\/en\/wp-json\/wp\/v2\/pages\/717\/revisions\/1303"}],"wp:attachment":[{"href":"https:\/\/bonetag.eu\/en\/wp-json\/wp\/v2\/media?parent=717"}],"curies":[{"name":"wp","href":"https:\/\/api.w.org\/{rel}","templated":true}]}}